{"id":2286,"date":"2024-06-07T14:05:01","date_gmt":"2024-06-07T21:05:01","guid":{"rendered":"https:\/\/rfo.org\/?page_id=2286"},"modified":"2025-12-09T14:58:50","modified_gmt":"2025-12-09T22:58:50","slug":"observacion-de-estrellas","status":"publish","type":"page","link":"https:\/\/rfo.org\/index.php\/observacion-de-estrellas\/","title":{"rendered":"Observaci\u00f3n\u00a0de Estrellas"},"content":{"rendered":"\n<p>Peri\u00f3dicamente durante el a\u00f1o, el Observatorio Robert Ferguson, en colaboraci\u00f3n con el Programa Senderos del Centro de Ecolog\u00eda de Sonoma, ofrece \u201cObservaci\u00f3n de Estrellas\u201d, una actividad dise\u00f1ada para personas de habla hispana. Los docentes del observatorio gu\u00edan a los visitantes en una presentaci\u00f3n astron\u00f3mica biling\u00fce y en el uso de telescopios para observar el cosmos. El acto comienza en el aula del Observatorio con una presentaci\u00f3n. <\/p>\n\n\n\n<p>Los boletos cuestan $10 para adultos, $5 para j\u00f3venes (de 12 a 18 a\u00f1os; deben estar acompa\u00f1ados por un adulto) y gratis para ni\u00f1os menores de 12 a\u00f1os. Si tiene una tarjeta EBT vigente, el propietario y tres miembros de la familia del mismo hogar pueden registrarse de forma gratuita a trav\u00e9s del Programa Museos para Todos. Visite rfo.simpletix.com para comprar boletos. Reg\u00edstrese con anticipaci\u00f3n, ya que el espacio es limitado y este evento. Este evento est\u00e1 planeado para una audiencia latina principalmente de habla hispana. Se anima a asistir a las familias de grupos subrepresentados. Use capas, traiga agua, una linterna peque\u00f1a (solo para caminar hasta la puerta; no se debe usar luz blanca alrededor del Observatorio a menos que tenga un filtro rojo). El estacionamiento, generalmente de $10, pero no se aplicar\u00e1 para este evento gracias a la generosidad del Parque Estatal Sugarloaf Ridge.<br><\/p>\n\n\n\n<p>Para obtener m\u00e1s informaci\u00f3n, env\u00ede un correo electr\u00f3nico a Alma o Arsel a senderos@sonomaecologycenter.org o llame a Alma al 707-247-5767. Se cancelan si hay condiciones de lluvia.<\/p>\n\n\n\n<h1 class=\"wp-block-heading has-medium-font-size\"><strong><span style=\"text-decoration: underline;\">Cuando:<\/span><\/strong><\/h1>\n\n\n\n<p>Las entradas se pueden comprar en <a href=\"https:\/\/www.simpletix.com\/e\/senderos-rfo-observaci\u00f3n-de-estrellas-2025-tickets-190476\" target=\"_blank\" rel=\"noreferrer noopener\">rfo.simpletix.com<\/a>.<\/p>\n\n\n\n<ul class=\"wp-block-list\">\n<li>6 de Junio de 2026 de 8:30-10:30 PM<\/li>\n\n\n\n<li>3 de Octubre de 2026 de 7-9 PM<\/li>\n<\/ul>\n","protected":false},"excerpt":{"rendered":"<p>Peri\u00f3dicamente durante el a\u00f1o, el Observatorio Robert Ferguson, en colaboraci\u00f3n con el Programa Senderos del Centro de Ecolog\u00eda de Sonoma, ofrece \u201cObservaci\u00f3n de Estrellas\u201d, una actividad dise\u00f1ada para personas de habla hispana. Los docentes del observatorio gu\u00edan a los visitantes en una presentaci\u00f3n astron\u00f3mica biling\u00fce y en el uso de telescopios para observar el cosmos. &hellip; <\/p>\n","protected":false},"author":9,"featured_media":0,"parent":0,"menu_order":0,"comment_status":"closed","ping_status":"closed","template":"","meta":{"ngg_post_thumbnail":0,"footnotes":""},"class_list":["post-2286","page","type-page","status-publish","hentry"],"_links":{"self":[{"href":"https:\/\/rfo.org\/index.php\/wp-json\/wp\/v2\/pages\/2286","targetHints":{"allow":["GET"]}}],"collection":[{"href":"https:\/\/rfo.org\/index.php\/wp-json\/wp\/v2\/pages"}],"about":[{"href":"https:\/\/rfo.org\/index.php\/wp-json\/wp\/v2\/types\/page"}],"author":[{"embeddable":true,"href":"https:\/\/rfo.org\/index.php\/wp-json\/wp\/v2\/users\/9"}],"replies":[{"embeddable":true,"href":"https:\/\/rfo.org\/index.php\/wp-json\/wp\/v2\/comments?post=2286"}],"version-history":[{"count":6,"href":"https:\/\/rfo.org\/index.php\/wp-json\/wp\/v2\/pages\/2286\/revisions"}],"predecessor-version":[{"id":2990,"href":"https:\/\/rfo.org\/index.php\/wp-json\/wp\/v2\/pages\/2286\/revisions\/2990"}],"wp:attachment":[{"href":"https:\/\/rfo.org\/index.php\/wp-json\/wp\/v2\/media?parent=2286"}],"curies":[{"name":"wp","href":"https:\/\/api.w.org\/{rel}","templated":true}]}}